{"id":3294,"date":"2025-01-22T14:14:04","date_gmt":"2025-01-22T14:14:04","guid":{"rendered":"https:\/\/240scbpbvl.preview.infomaniak.website\/plan-de-site\/"},"modified":"2025-01-24T04:10:44","modified_gmt":"2025-01-24T04:10:44","slug":"plan-de-site","status":"publish","type":"page","link":"https:\/\/ascension-immo.com\/en\/plan-de-site\/","title":{"rendered":"Plan de site"},"content":{"rendered":"<section class=\"sitemap\">\n<h1 class=\"titles\">Pages<\/h1>\n<ul>\n<li class=\"page_item page-item-73137\"><a href=\"https:\/\/240scbpbvl.preview.infomaniak.website\/\">Accueil<\/a><\/li>\n<li class=\"page_item page-item-28834\"><a href=\"#\">Advanced Search<\/a><\/li>\n<li class=\"page_item page-item-28920\"><a href=\"https:\/\/240scbpbvl.preview.infomaniak.website\/lagence\/\">Agence<\/a><\/li>\n<li class=\"page_item page-item-45\"><a href=\"https:\/\/240scbpbvl.preview.infomaniak.website\/contact\/\">Contact<\/a><\/li>\n<li class=\"page_item page-item-28928\"><a href=\"https:\/\/240scbpbvl.preview.infomaniak.website\/estimation\/\">Estimation Immobili\u00e8re<\/a><\/li>\n<li class=\"page_item page-item-28947\"><a href=\"#\">Mentions-legales<\/a><\/li>\n<li class=\"page_item page-item-31504 current_page_item\"><a href=\"https:\/\/240scbpbvl.preview.infomaniak.website\/plan-de-site\/\" aria-current=\"page\">Plan de site<\/a><\/li>\n<\/ul>\n<h2 class=\"titles\">Propri\u00e9t\u00e9s<\/h2>\n<ul>\n<li><a href=\"https:\/\/240scbpbvl.preview.infomaniak.website\/propriete\/chalet-4-pieces-le-col-du-corbier\/\">Chalet 4 pi\u00e8ces \u2013 Le Col du Corbier<\/a><\/li>\n<li><a href=\"https:\/\/240scbpbvl.preview.infomaniak.website\/propriete\/ferme-traditionnelle-a-renover-a-seytroux\/\">Ferme Traditionnelle \u00e0 R\u00e9nover \u00e0 Seytroux<\/a><\/li>\n<li><a href=\"https:\/\/240scbpbvl.preview.infomaniak.website\/propriete\/studio-et-coin-montagne-saint-jean-daulps\/\">Studio et coin montagne \u2013 Saint-Jean-d\u2019Aulps<\/a><\/li>\n<li><a href=\"https:\/\/240scbpbvl.preview.infomaniak.website\/propriete\/appartement-3-chambres-centre-les-gets\/\">Appartement 3 Chambres \u2013 Centre Les Gets<\/a><\/li>\n<\/ul>\n<h2 class=\"titles\">Cat\u00e9gories de propri\u00e9t\u00e9s<\/h2>\n<ul>\n<li><a href=\"#\">Vente<\/a><\/li>\n<li><a href=\"https:\/\/240scbpbvl.preview.infomaniak.website\/programmes-neufs\/\">Programmes neufs<\/a><\/li>\n<\/ul>\n<h2 class=\"titles\">Villes Immobili\u00e8res<\/h2>\n<ul>\n<li><a href=\"#\">La C\u00f4te-d\u2019Arbroz<\/a><\/li>\n<li><a href=\"#\">Le Biot<\/a><\/li>\n<li><a href=\"https:\/\/240scbpbvl.preview.infomaniak.website\/localite\/les-gets\/\">Les Gets<\/a><\/li>\n<li><a href=\"https:\/\/240scbpbvl.preview.infomaniak.website\/localite\/montriond\/\">Montriond<\/a><\/li>\n<li><a href=\"https:\/\/240scbpbvl.preview.infomaniak.website\/localite\/morzine\/\">Morzine<\/a><\/li>\n<li><a href=\"https:\/\/www.ascension-immo.com\/property-city\/saint-jean-daulps\/\">Saint-Jean-d\u2019Aulps<\/a><\/li>\n<li><a href=\"#\">Abondance<\/a><\/li>\n<li><a href=\"#\">La Vernaz<\/a><\/li>\n<li><a href=\"#\">Seytroux<\/a><\/li>\n<\/ul>\n<h2 class=\"titles\">Type de propri\u00e9t\u00e9s<\/h2>\n<ul>\n<li><a href=\"https:\/\/240scbpbvl.preview.infomaniak.website\/type-de-bien\/appartement\/\">Chalet<\/a><\/li>\n<li><a href=\"#\">Appartement<\/a><\/li>\n<li><a href=\"https:\/\/240scbpbvl.preview.infomaniak.website\/type-de-bien\/terrain\/\">Terrain<\/a><\/li>\n<\/ul>\n<\/section>\n","protected":false},"excerpt":{"rendered":"<p>Pages Accueil Advanced Search Agence Contact Estimation Immobili\u00e8re Mentions-legales Plan de site Propri\u00e9t\u00e9s Chalet 4 pi\u00e8ces \u2013 Le Col du Corbier Ferme Traditionnelle \u00e0 R\u00e9nover \u00e0 Seytroux Studio et coin montagne \u2013 Saint-Jean-d\u2019Aulps Appartement 3 Chambres \u2013 Centre Les Gets Cat\u00e9gories de propri\u00e9t\u00e9s Vente Programmes neufs Villes Immobili\u00e8res La C\u00f4te-d\u2019Arbroz Le Biot Les Gets Montriond [&hellip;]<\/p>\n","protected":false},"author":1,"featured_media":0,"parent":0,"menu_order":0,"comment_status":"closed","ping_status":"closed","template":"","meta":{"_acf_changed":false,"footnotes":""},"class_list":["post-3294","page","type-page","status-publish","hentry"],"acf":[],"_links":{"self":[{"href":"https:\/\/ascension-immo.com\/en\/wp-json\/wp\/v2\/pages\/3294","targetHints":{"allow":["GET"]}}],"collection":[{"href":"https:\/\/ascension-immo.com\/en\/wp-json\/wp\/v2\/pages"}],"about":[{"href":"https:\/\/ascension-immo.com\/en\/wp-json\/wp\/v2\/types\/page"}],"author":[{"embeddable":true,"href":"https:\/\/ascension-immo.com\/en\/wp-json\/wp\/v2\/users\/1"}],"replies":[{"embeddable":true,"href":"https:\/\/ascension-immo.com\/en\/wp-json\/wp\/v2\/comments?post=3294"}],"version-history":[{"count":1,"href":"https:\/\/ascension-immo.com\/en\/wp-json\/wp\/v2\/pages\/3294\/revisions"}],"predecessor-version":[{"id":3295,"href":"https:\/\/ascension-immo.com\/en\/wp-json\/wp\/v2\/pages\/3294\/revisions\/3295"}],"wp:attachment":[{"href":"https:\/\/ascension-immo.com\/en\/wp-json\/wp\/v2\/media?parent=3294"}],"curies":[{"name":"wp","href":"https:\/\/api.w.org\/{rel}","templated":true}]}}