{"id":3292,"date":"2025-01-22T14:29:12","date_gmt":"2025-01-22T14:29:12","guid":{"rendered":"https:\/\/240scbpbvl.preview.infomaniak.website\/mentions-legales\/"},"modified":"2025-11-24T20:54:48","modified_gmt":"2025-11-24T20:54:48","slug":"mentions-legales","status":"publish","type":"page","link":"https:\/\/ascension-immo.com\/en\/mentions-legales\/","title":{"rendered":"Mentions l\u00e9gales"},"content":{"rendered":"<section class=\"elementor-section elementor-top-section elementor-element elementor-element-3f668fc2 elementor-section-boxed elementor-section-height-default elementor-section-height-default\" data-id=\"3f668fc2\" data-element_type=\"section\">\n<div class=\"elementor-container elementor-column-gap-default\">\n<div class=\"elementor-column elementor-col-100 elementor-top-column elementor-element elementor-element-570eb8fd\" data-id=\"570eb8fd\" data-element_type=\"column\">\n<div class=\"elementor-widget-wrap elementor-element-populated\">\n<div class=\"elementor-element elementor-element-5cd1c223 elementor-widget elementor-widget-heading\" data-id=\"5cd1c223\" data-element_type=\"widget\" data-widget_type=\"heading.default\">\n<div class=\"elementor-widget-container\">\n<div class=\"elementor-element elementor-element-5cd1c223 elementor-widget elementor-widget-heading\" data-id=\"5cd1c223\" data-element_type=\"widget\" data-widget_type=\"heading.default\">\n<div class=\"elementor-widget-container\">\n<h2 class=\"elementor-heading-title elementor-size-default\">Raison sociale : ASCENSION IMMOBILIER<\/h2>\n<\/div>\n<\/div>\n<div class=\"elementor-element elementor-element-5d93f4f2 elementor-widget elementor-widget-text-editor\" data-id=\"5d93f4f2\" data-element_type=\"widget\" data-widget_type=\"text-editor.default\">\n<div class=\"elementor-widget-container\">\n<h2 class=\"p1\"><b>\u00c9diteur du site<\/b><\/h2>\n<p>Si\u00e8ge social : 944 Route de Morzine 74110 MONTRIOND \u2013 FRANCE<br \/>\nAdresse de l\u2019\u00e9tablissement : 19 Route de la Plagne 74110 MORZINE<br \/>\nRCS : 905213971<br \/>\nForme sociale : SAS &#8211; Soci\u00e9t\u00e9 par actions simplifi\u00e9e<br \/>\nNumero TVA Intracommunautaire : FR49905213971<br \/>\nCarte professionnelle T n\u00b0 CPI 74012021000000093<br \/>\nPr\u00e9fecture de d\u00e9livrance de la carte professionnelle : CCI de la Haute-Savoie<br \/>\nCapital : 20000 \u20ac<br \/>\nCaisse garantie financi\u00e8re : GALIAN-SMABTP &#8211; Montant garantie financi\u00e8re : 120000 \u20ac<\/p>\n<p>Adh\u00e9rente de la caisse de Garantie GALIAN-SMABTP dont le si\u00e8ge est sis 89, rue La Bo\u00e9tie 75008 Paris sous le n\u00b0 156569, et garantie pour un montant de 120000\u20ac,<\/p>\n<p>DECLARANT NE POUVOIR NI RECEVOIR NI DETENIR D&#8217;AUTRES FONDS, EFFETS OU VALEURS QUE CEUX REPRESENTATIFS DE SA REMUNERATION.<\/p>\n<p>Titulaire d&#8217;une assurance en responsabilit\u00e9 civile professionnelle souscrite aupr\u00e8s de GALIAN-SMABTP sous le num\u00e9ro de police RCP_01_170469S.<\/p>\n<p>N&#8217;ayant aucun lien capitalistique ou juridique avec une banque ou une soci\u00e9t\u00e9 financi\u00e8re,<\/p>\n<p>Adh\u00e9rent de la F\u00e9d\u00e9ration Nationale de l\u2019Immobilier (FNAIM), ayant le titre professionnel d&#8217;AGENT IMMOBILIER obtenu en France dont l\u2019activit\u00e9 est r\u00e9gie par la loi n\u00b0 70-9 du 2 janvier 1970 (dite \u00ab loi Hoguet \u00bb) et son d\u00e9cret d\u2019application n\u00b0 72 678 du 20 juillet 1972<br \/>\n(consultables en fran\u00e7ais sur www.legifrance.gouv.fr), et soumis au code d\u2019\u00e9thique et de d\u00e9ontologie de la FNAIM int\u00e9grant les r\u00e8gles de d\u00e9ontologie fix\u00e9es par le d\u00e9cret n\u00b0 2015 1090 du 28 ao\u00fbt 2015 (consultable en fran\u00e7ais sur www.fnaim.fr).<\/p>\n<p>Nom du m\u00e9diateur : ANM Conso<\/p>\n<p>Adresse postale du m\u00e9diateur : 2 rue de Colmar 94300 Vincennes<\/p>\n<\/div>\n<p>Site internet du m\u00e9diateur : www.anm-conso.com<\/p>\n<\/div>\n<\/div>\n<\/div>\n<\/div>\n<\/div>\n<\/div>\n<\/section>\n<section class=\"elementor-section elementor-top-section elementor-element elementor-element-583de4d4 elementor-section-boxed elementor-section-height-default elementor-section-height-default\" data-id=\"583de4d4\" data-element_type=\"section\">\n<div class=\"elementor-container elementor-column-gap-default\">\n<div class=\"elementor-column elementor-col-100 elementor-top-column elementor-element elementor-element-294a3ab4\" data-id=\"294a3ab4\" data-element_type=\"column\">\n<div class=\"elementor-widget-wrap elementor-element-populated\">\n<div class=\"elementor-element elementor-element-57797436 elementor-widget elementor-widget-heading\" data-id=\"57797436\" data-element_type=\"widget\" data-widget_type=\"heading.default\">\n<div class=\"elementor-widget-container\">\n<h2 class=\"elementor-heading-title elementor-size-default\">H\u00e9bergement<\/h2>\n<\/div>\n<\/div>\n<div class=\"elementor-element elementor-element-4a68c073 elementor-widget elementor-widget-text-editor\" data-id=\"4a68c073\" data-element_type=\"widget\" data-widget_type=\"text-editor.default\">\n<div class=\"elementor-widget-container\">\n<p>Le Site est h\u00e9berg\u00e9 sur les serveurs de INFOMANIAK ;<br \/>\nRue Eug\u00e8ne-Marziano 25, 1227 Gen\u00e8ve, Suisse<br \/>\nT\u00e9l\u00e9phone tel:\u00a0<a href=\"tel:+41228203540\" target=\"_blank\" rel=\"nofollow noopener\">+41228203540<\/a><\/p>\n<\/div>\n<\/div>\n<\/div>\n<\/div>\n<\/div>\n<\/section>\n<section class=\"elementor-section elementor-top-section elementor-element elementor-element-4e45f3e1 elementor-section-boxed elementor-section-height-default elementor-section-height-default\" data-id=\"4e45f3e1\" data-element_type=\"section\">\n<div class=\"elementor-container elementor-column-gap-default\">\n<div class=\"elementor-column elementor-col-100 elementor-top-column elementor-element elementor-element-64fa5476\" data-id=\"64fa5476\" data-element_type=\"column\">\n<div class=\"elementor-widget-wrap elementor-element-populated\">\n<div class=\"elementor-element elementor-element-3a843e56 elementor-widget elementor-widget-text-editor\" data-id=\"3a843e56\" data-element_type=\"widget\" data-widget_type=\"text-editor.default\">\n<div class=\"elementor-widget-container\">\n<div class=\"elementor-element elementor-element-1d8db2c9 elementor-widget elementor-widget-heading\" data-id=\"1d8db2c9\" data-element_type=\"widget\" data-widget_type=\"heading.default\">\n<div class=\"elementor-widget-container\">\n<h2 class=\"elementor-heading-title elementor-size-default\">Conception et d\u00e9veloppement :<\/h2>\n<\/div>\n<\/div>\n<div class=\"elementor-element elementor-element-3a843e56 elementor-widget elementor-widget-text-editor\" data-id=\"3a843e56\" data-element_type=\"widget\" data-widget_type=\"text-editor.default\">\n<div class=\"elementor-widget-container\">\n<p>La cr\u00e9ation et le d\u00e9veloppement du site ont \u00e9t\u00e9 r\u00e9alis\u00e9s par :<br \/>\nELM MARKETING<br \/>\nSARL au capital de 1 500 \u20ac<br \/>\n2 Chemin du Gril<br \/>\n45250 Ousson-sur-Loire<br \/>\nSIRET : 93486479400011<br \/>\nT\u00e9l\u00e9phone : 07.77.25.36.19<br \/>\nSite web : <a href=\"https:\/\/elm-marketing.fr\/\">https:\/\/elm-marketing.fr\/<\/a><\/p>\n<div class=\"elementor-element elementor-element-65b165e5 elementor-widget elementor-widget-heading\" data-id=\"65b165e5\" data-element_type=\"widget\" data-widget_type=\"heading.default\">\n<div class=\"elementor-widget-container\">\n<h3 class=\"elementor-heading-title elementor-size-default\">Logiciel Immobilier<\/h3>\n<\/div>\n<\/div>\n<div class=\"elementor-element elementor-element-5e2fcc29 elementor-widget elementor-widget-text-editor\" data-id=\"5e2fcc29\" data-element_type=\"widget\" data-widget_type=\"text-editor.default\">\n<div class=\"elementor-widget-container\">\n<p>Logiciel APIMO :<br \/>\nT\u00e9l\u00e9phone :\u00a0\u00a0<a href=\"https:\/\/apimo.net\/fr\/mentions\" target=\"_blank\" rel=\"nofollow noopener\">https:\/\/apimo.net\/fr\/mentions<\/a><\/p>\n<p>SAS au capital social de 11.250 \u20ac<br \/>\nRegistre du commerce de Cannes B 489 890 483<br \/>\nNum\u00e9ro de TVA intracommunautaire FR17489890483<br \/>\n<a href=\"tel:+33 (0)4 92 91 90 63\" target=\"_blank\" rel=\"nofollow noopener\">+33 (0)4 92 91 90 63<\/a><\/p>\n<\/div>\n<\/div>\n<\/div>\n<\/div>\n<\/div>\n<\/div>\n<\/div>\n<\/div>\n<\/div>\n<\/section>\n<section class=\"elementor-section elementor-top-section elementor-element elementor-element-495798e1 elementor-section-boxed elementor-section-height-default elementor-section-height-default\" data-id=\"495798e1\" data-element_type=\"section\">\n<div class=\"elementor-container elementor-column-gap-default\">\n<div class=\"elementor-column elementor-col-100 elementor-top-column elementor-element elementor-element-3b920b0a\" data-id=\"3b920b0a\" data-element_type=\"column\">\n<div class=\"elementor-widget-wrap elementor-element-populated\">\n<div class=\"elementor-element elementor-element-7522f40b elementor-widget elementor-widget-heading\" data-id=\"7522f40b\" data-element_type=\"widget\" data-widget_type=\"heading.default\">\n<div class=\"elementor-widget-container\"><\/div>\n<\/div>\n<\/div>\n<\/div>\n<\/div>\n<\/section>\n<section class=\"elementor-section elementor-top-section elementor-element elementor-element-6e6a595e elementor-section-boxed elementor-section-height-default elementor-section-height-default\" data-id=\"6e6a595e\" data-element_type=\"section\">\n<div class=\"elementor-container elementor-column-gap-default\">\n<div class=\"elementor-column elementor-col-100 elementor-top-column elementor-element elementor-element-69aee525\" data-id=\"69aee525\" data-element_type=\"column\">\n<div class=\"elementor-widget-wrap elementor-element-populated\">\n<div class=\"elementor-element elementor-element-65b165e5 elementor-widget elementor-widget-heading\" data-id=\"65b165e5\" data-element_type=\"widget\" data-widget_type=\"heading.default\">\n<div class=\"elementor-widget-container\">\n<h3 class=\"elementor-heading-title elementor-size-default\">Logiciel Immobilier<\/h3>\n<\/div>\n<\/div>\n<div class=\"elementor-element elementor-element-5e2fcc29 elementor-widget elementor-widget-text-editor\" data-id=\"5e2fcc29\" data-element_type=\"widget\" data-widget_type=\"text-editor.default\">\n<div class=\"elementor-widget-container\">\n<p>Logiciel APIMO :<br \/>\nT\u00e9l\u00e9phone :\u00a0\u00a0<a href=\"https:\/\/apimo.net\/fr\/mentions\" target=\"_blank\" rel=\"nofollow noopener\">https:\/\/apimo.net\/fr\/mentions<\/a><\/p>\n<p>SAS au capital social de 11.250 \u20ac<br \/>\nRegistre du commerce de Cannes B 489 890 483<br \/>\nNum\u00e9ro de TVA intracommunautaire FR17489890483<br \/>\n<a href=\"tel:+33 (0)4 92 91 90 63\" target=\"_blank\" rel=\"nofollow noopener\">+33 (0)4 92 91 90 63<\/a><\/p>\n<\/div>\n<\/div>\n<\/div>\n<\/div>\n<\/div>\n<\/section>\n<section class=\"elementor-section elementor-top-section elementor-element elementor-element-24bf9145 elementor-section-boxed elementor-section-height-default elementor-section-height-default\" data-id=\"24bf9145\" data-element_type=\"section\">\n<div class=\"elementor-container elementor-column-gap-default\">\n<div class=\"elementor-column elementor-col-100 elementor-top-column elementor-element elementor-element-1c24a54b\" data-id=\"1c24a54b\" data-element_type=\"column\">\n<div class=\"elementor-widget-wrap elementor-element-populated\">\n<div class=\"elementor-element elementor-element-47847aa2 elementor-widget elementor-widget-heading\" data-id=\"47847aa2\" data-element_type=\"widget\" data-widget_type=\"heading.default\">\n<div class=\"elementor-widget-container\">\n<section class=\"elementor-section elementor-top-section elementor-element elementor-element-24bf9145 elementor-section-boxed elementor-section-height-default elementor-section-height-default\" data-id=\"24bf9145\" data-element_type=\"section\">\n<div class=\"elementor-container elementor-column-gap-default\">\n<div class=\"elementor-column elementor-col-100 elementor-top-column elementor-element elementor-element-1c24a54b\" data-id=\"1c24a54b\" data-element_type=\"column\">\n<div class=\"elementor-widget-wrap elementor-element-populated\">\n<section class=\"elementor-section elementor-top-section elementor-element elementor-element-495798e1 elementor-section-boxed elementor-section-height-default elementor-section-height-default\" data-id=\"495798e1\" data-element_type=\"section\">\n<div class=\"elementor-container elementor-column-gap-default\">\n<div class=\"elementor-column elementor-col-100 elementor-top-column elementor-element elementor-element-3b920b0a\" data-id=\"3b920b0a\" data-element_type=\"column\">\n<div class=\"elementor-widget-wrap elementor-element-populated\">\n<div class=\"elementor-element elementor-element-7522f40b elementor-widget elementor-widget-heading\" data-id=\"7522f40b\" data-element_type=\"widget\" data-widget_type=\"heading.default\">\n<div class=\"elementor-widget-container\">\n<h3 class=\"p1\"><b>Prospection t\u00e9l\u00e9phonique<\/b><\/h3>\n<\/div>\n<\/div>\n<div class=\"elementor-element elementor-element-6e38896e elementor-widget elementor-widget-text-editor\" data-id=\"6e38896e\" data-element_type=\"widget\" data-widget_type=\"text-editor.default\">\n<div class=\"elementor-widget-container\">\n<p class=\"p1\">Conform\u00e9ment \u00e0 l\u2019article L.223-2 du Code de la consommation, vous avez la possibilit\u00e9 de vous inscrire gratuitement sur la liste d\u2019opposition au d\u00e9marchage t\u00e9l\u00e9phonique <b>Bloctel<\/b> (<a href=\"https:\/\/www.bloctel.gouv.fr\/\"><span class=\"s1\">www.bloctel.gouv.fr<\/span><\/a>).<br \/>\nAscension Immobilier s\u2019engage \u00e0 respecter cette r\u00e9glementation et \u00e0 ne pas vous contacter si vous \u00eates inscrit sur cette liste, sauf en cas de demande expresse de votre part ou de relation contractuelle en cours<\/p>\n<\/div>\n<\/div>\n<\/div>\n<\/div>\n<\/div>\n<\/section>\n<div class=\"elementor-element elementor-element-47847aa2 elementor-widget elementor-widget-heading\" data-id=\"47847aa2\" data-element_type=\"widget\" data-widget_type=\"heading.default\">\n<div class=\"elementor-widget-container\">\n<h3 class=\"p1\"><b>Finalit\u00e9 du site<\/b><\/h3>\n<\/div>\n<\/div>\n<div class=\"elementor-element elementor-element-7f5ed876 elementor-widget elementor-widget-text-editor\" data-id=\"7f5ed876\" data-element_type=\"widget\" data-widget_type=\"text-editor.default\">\n<div class=\"elementor-widget-container\">\n<p class=\"p1\">Le site a pour objectif de pr\u00e9senter les services propos\u00e9s par <b>Ascension Immobilier<\/b> ainsi que les biens immobiliers disponibles \u00e0 la vente.<br \/>\nLes informations et visuels mis en ligne ont une valeur indicative et ne sont pas contractuels.<\/p>\n<\/div>\n<\/div>\n<\/div>\n<\/div>\n<\/div>\n<\/section>\n<section class=\"elementor-section elementor-top-section elementor-element elementor-element-35678711 elementor-section-boxed elementor-section-height-default elementor-section-height-default\" data-id=\"35678711\" data-element_type=\"section\">\n<div class=\"elementor-container elementor-column-gap-default\">\n<div class=\"elementor-column elementor-col-100 elementor-top-column elementor-element elementor-element-3551802b\" data-id=\"3551802b\" data-element_type=\"column\">\n<div class=\"elementor-widget-wrap elementor-element-populated\">\n<div class=\"elementor-element elementor-element-359dc1cc elementor-widget elementor-widget-heading\" data-id=\"359dc1cc\" data-element_type=\"widget\" data-widget_type=\"heading.default\">\n<div class=\"elementor-widget-container\">\n<h3 class=\"p1\"><b>Propri\u00e9t\u00e9 intellectuelle<\/b><\/h3>\n<\/div>\n<\/div>\n<div class=\"elementor-element elementor-element-702c248a elementor-widget elementor-widget-text-editor\" data-id=\"702c248a\" data-element_type=\"widget\" data-widget_type=\"text-editor.default\">\n<div class=\"elementor-widget-container\">\n<p class=\"p1\">Tous les contenus pr\u00e9sents sur le site (textes, descriptions, photographies, plans, visuels, logos, marques, etc.) sont prot\u00e9g\u00e9s par le Code de la propri\u00e9t\u00e9 intellectuelle. Ces \u00e9l\u00e9ments demeurent la propri\u00e9t\u00e9 exclusive de <b>Ascension Immobilier<\/b> ou de leurs titulaires de droits respectifs.<br \/>\nToute reproduction, repr\u00e9sentation, diffusion ou exploitation, totale ou partielle, sans autorisation \u00e9crite pr\u00e9alable, est strictement interdite et pourra donner lieu \u00e0 des poursuites (articles L.335-2 et suivants du Code de la propri\u00e9t\u00e9 intellectuelle).<\/p>\n<\/div>\n<\/div>\n<\/div>\n<\/div>\n<\/div>\n<\/section>\n<section class=\"elementor-section elementor-top-section elementor-element elementor-element-2e77ecec elementor-section-boxed elementor-section-height-default elementor-section-height-default\" data-id=\"2e77ecec\" data-element_type=\"section\">\n<div class=\"elementor-container elementor-column-gap-default\">\n<div class=\"elementor-column elementor-col-100 elementor-top-column elementor-element elementor-element-131d484c\" data-id=\"131d484c\" data-element_type=\"column\">\n<div class=\"elementor-widget-wrap elementor-element-populated\">\n<div class=\"elementor-element elementor-element-1a7fcbcf elementor-widget elementor-widget-heading\" data-id=\"1a7fcbcf\" data-element_type=\"widget\" data-widget_type=\"heading.default\">\n<div class=\"elementor-widget-container\">\n<h3 class=\"p1\"><b>Responsabilit\u00e9<\/b><\/h3>\n<\/div>\n<\/div>\n<div class=\"elementor-element elementor-element-297e794b elementor-widget elementor-widget-text-editor\" data-id=\"297e794b\" data-element_type=\"widget\" data-widget_type=\"text-editor.default\">\n<div class=\"elementor-widget-container\">\n<p class=\"p1\">L\u2019utilisateur s\u2019engage \u00e0 naviguer sur le site \u00e0 l\u2019aide d\u2019un mat\u00e9riel r\u00e9cent, exempt de virus et avec un navigateur r\u00e9guli\u00e8rement mis \u00e0 jour.<\/p>\n<p class=\"p1\"><b>Ascension Immobilier<\/b> ne pourra \u00eatre tenu responsable :<\/p>\n<ul class=\"ul1\">\n<li class=\"li1\">des dommages directs ou indirects caus\u00e9s au mat\u00e9riel de l\u2019utilisateur lors de sa navigation,<\/li>\n<li class=\"li1\">d\u2019\u00e9ventuelles incompatibilit\u00e9s ou dysfonctionnements techniques,<\/li>\n<li class=\"li1\">ni du contenu des sites tiers accessibles via des liens hypertextes.<\/li>\n<\/ul>\n<\/div>\n<\/div>\n<\/div>\n<\/div>\n<\/div>\n<\/section>\n<section class=\"elementor-section elementor-top-section elementor-element elementor-element-b677bff elementor-section-boxed elementor-section-height-default elementor-section-height-default\" data-id=\"b677bff\" data-element_type=\"section\">\n<div class=\"elementor-container elementor-column-gap-default\">\n<div class=\"elementor-column elementor-col-100 elementor-top-column elementor-element elementor-element-539e6be8\" data-id=\"539e6be8\" data-element_type=\"column\">\n<div class=\"elementor-widget-wrap elementor-element-populated\">\n<div class=\"elementor-element elementor-element-243cad6f elementor-widget elementor-widget-heading\" data-id=\"243cad6f\" data-element_type=\"widget\" data-widget_type=\"heading.default\">\n<div class=\"elementor-widget-container\">\n<h3 class=\"p1\"><b>Donn\u00e9es personnelles<\/b><\/h3>\n<\/div>\n<\/div>\n<div class=\"elementor-element elementor-element-5f421bf elementor-widget elementor-widget-text-editor\" data-id=\"5f421bf\" data-element_type=\"widget\" data-widget_type=\"text-editor.default\">\n<div class=\"elementor-widget-container\">\n<p class=\"p1\">La consultation du site ne n\u00e9cessite pas de fournir d\u2019informations personnelles.<br \/>\nCependant, lorsque vous utilisez le formulaire de contact, certaines donn\u00e9es peuvent \u00eatre collect\u00e9es (nom, pr\u00e9nom, adresse e-mail, t\u00e9l\u00e9phone, message).<\/p>\n<p class=\"p1\">Ces donn\u00e9es sont utilis\u00e9es uniquement afin de traiter vos demandes et ne sont jamais c\u00e9d\u00e9es \u00e0 des tiers \u00e0 des fins commerciales.<\/p>\n<\/div>\n<\/div>\n<\/div>\n<\/div>\n<\/div>\n<\/section>\n<section class=\"elementor-section elementor-top-section elementor-element elementor-element-1ab44e77 elementor-section-boxed elementor-section-height-default elementor-section-height-default\" data-id=\"1ab44e77\" data-element_type=\"section\">\n<div class=\"elementor-container elementor-column-gap-default\">\n<div class=\"elementor-column elementor-col-100 elementor-top-column elementor-element elementor-element-2193b0ef\" data-id=\"2193b0ef\" data-element_type=\"column\">\n<div class=\"elementor-widget-wrap elementor-element-populated\">\n<div class=\"elementor-element elementor-element-344f8a95 elementor-widget elementor-widget-heading\" data-id=\"344f8a95\" data-element_type=\"widget\" data-widget_type=\"heading.default\">\n<div class=\"elementor-widget-container\">\n<h3 class=\"p1\"><b>Cookies<\/b><\/h3>\n<\/div>\n<\/div>\n<div class=\"elementor-element elementor-element-36f4523a elementor-widget elementor-widget-text-editor\" data-id=\"36f4523a\" data-element_type=\"widget\" data-widget_type=\"text-editor.default\">\n<div class=\"elementor-widget-container\">\n<p class=\"p1\">Lors de la navigation sur <a href=\"https:\/\/ascension-immo.com\/\"><span class=\"s1\">www.ascension-immo.com<\/span><\/a>, des cookies peuvent \u00eatre d\u00e9pos\u00e9s sur votre terminal.<\/p>\n<p class=\"p1\">Ces fichiers permettent d\u2019am\u00e9liorer la navigation et de mesurer la fr\u00e9quentation du site.<br \/>\nVous pouvez \u00e0 tout moment g\u00e9rer vos pr\u00e9f\u00e9rences via l\u2019outil \u00ab Gestion des cookies \u00bb disponible en bas de page, en acceptant ou refusant les cookies non essentiels.<\/p>\n<\/div>\n<\/div>\n<\/div>\n<\/div>\n<\/div>\n<\/section>\n<section class=\"elementor-section elementor-top-section elementor-element elementor-element-5ba48a45 elementor-section-boxed elementor-section-height-default elementor-section-height-default\" data-id=\"5ba48a45\" data-element_type=\"section\">\n<div class=\"elementor-container elementor-column-gap-default\">\n<div class=\"elementor-column elementor-col-100 elementor-top-column elementor-element elementor-element-72c10d1e\" data-id=\"72c10d1e\" data-element_type=\"column\">\n<div class=\"elementor-widget-wrap elementor-element-populated\">\n<div class=\"elementor-element elementor-element-698796fb elementor-widget elementor-widget-heading\" data-id=\"698796fb\" data-element_type=\"widget\" data-widget_type=\"heading.default\">\n<div class=\"elementor-widget-container\">\n<h3 class=\"p1\"><b>Liens hypertextes<\/b><\/h3>\n<\/div>\n<\/div>\n<div class=\"elementor-element elementor-element-62b32745 elementor-widget elementor-widget-text-editor\" data-id=\"62b32745\" data-element_type=\"widget\" data-widget_type=\"text-editor.default\">\n<div class=\"elementor-widget-container\">\n<p class=\"p1\">Le site peut contenir des liens vers d\u2019autres sites internet.<br \/>\n<b>Ascension Immobilier<\/b> n\u2019exerce aucun contr\u00f4le sur ces ressources externes et ne pourra \u00eatre tenu responsable de leur contenu.<\/p>\n<\/div>\n<\/div>\n<\/div>\n<\/div>\n<\/div>\n<\/section>\n<section class=\"elementor-section elementor-top-section elementor-element elementor-element-6d1063fe elementor-section-boxed elementor-section-height-default elementor-section-height-default\" data-id=\"6d1063fe\" data-element_type=\"section\">\n<div class=\"elementor-container elementor-column-gap-default\">\n<div class=\"elementor-column elementor-col-100 elementor-top-column elementor-element elementor-element-447fb754\" data-id=\"447fb754\" data-element_type=\"column\">\n<div class=\"elementor-widget-wrap elementor-element-populated\">\n<div class=\"elementor-element elementor-element-35613806 elementor-widget elementor-widget-heading\" data-id=\"35613806\" data-element_type=\"widget\" data-widget_type=\"heading.default\">\n<div class=\"elementor-widget-container\">\n<h3 class=\"p1\"><b>Droit applicable et r\u00e8glement des litiges<\/b><\/h3>\n<\/div>\n<\/div>\n<div class=\"elementor-element elementor-element-21262847 elementor-widget elementor-widget-text-editor\" data-id=\"21262847\" data-element_type=\"widget\" data-widget_type=\"text-editor.default\">\n<div class=\"elementor-widget-container\">\n<p class=\"p1\">Le pr\u00e9sent site et son utilisation sont r\u00e9gis par le droit fran\u00e7ais.<\/p>\n<p class=\"p1\">En cas de litige, l\u2019utilisateur et <b>Ascension Immobilier<\/b> s\u2019efforceront de trouver une solution amiable.<br \/>\nConform\u00e9ment aux articles L.611-1 et suivants du Code de la consommation, le client consommateur peut recourir gratuitement \u00e0 un m\u00e9diateur de la consommation.<\/p>\n<p class=\"p1\">\u00c0 d\u00e9faut d\u2019accord, le litige pourra \u00eatre port\u00e9 devant les tribunaux comp\u00e9tents conform\u00e9ment aux r\u00e8gles de proc\u00e9dure civile.<\/p>\n<\/div>\n<h3 class=\"elementor-heading-title elementor-size-default\">Cr\u00e9dits photos :<\/h3>\n<p>\u00a9 Ascension Immobilier<\/p>\n<p>\u00a9 <span class=\"a_GcMg font-feature-liga-off font-feature-clig-off font-feature-calt-off text-decoration-none text-strikethrough-none\">VTLphoto<\/span> <span class=\"a_GcMg font-feature-liga-off font-feature-clig-off font-feature-calt-off text-decoration-none text-strikethrough-none\">&#8211; Office du tourisme de Morzine<\/span><\/p>\n<\/div>\n<\/div>\n<\/div>\n<\/div>\n<\/section>\n<\/div>\n<\/div>\n<\/div>\n<\/div>\n<\/div>\n<\/section>\n","protected":false},"excerpt":{"rendered":"<p>Raison sociale : ASCENSION IMMOBILIER \u00c9diteur du site Si\u00e8ge social : 944 Route de Morzine 74110 MONTRIOND \u2013 FRANCE Adresse de l\u2019\u00e9tablissement : 19 Route de la Plagne 74110 MORZINE RCS : 905213971 Forme sociale : SAS &#8211; Soci\u00e9t\u00e9 par actions simplifi\u00e9e Numero TVA Intracommunautaire : FR49905213971 Carte professionnelle T n\u00b0 CPI 74012021000000093 Pr\u00e9fecture de [&hellip;]<\/p>\n","protected":false},"author":1,"featured_media":0,"parent":0,"menu_order":0,"comment_status":"closed","ping_status":"closed","template":"template-parts\/tpl-mentions-legales.php","meta":{"_acf_changed":false,"footnotes":""},"class_list":["post-3292","page","type-page","status-publish","hentry"],"acf":[],"_links":{"self":[{"href":"https:\/\/ascension-immo.com\/en\/wp-json\/wp\/v2\/pages\/3292","targetHints":{"allow":["GET"]}}],"collection":[{"href":"https:\/\/ascension-immo.com\/en\/wp-json\/wp\/v2\/pages"}],"about":[{"href":"https:\/\/ascension-immo.com\/en\/wp-json\/wp\/v2\/types\/page"}],"author":[{"embeddable":true,"href":"https:\/\/ascension-immo.com\/en\/wp-json\/wp\/v2\/users\/1"}],"replies":[{"embeddable":true,"href":"https:\/\/ascension-immo.com\/en\/wp-json\/wp\/v2\/comments?post=3292"}],"version-history":[{"count":5,"href":"https:\/\/ascension-immo.com\/en\/wp-json\/wp\/v2\/pages\/3292\/revisions"}],"predecessor-version":[{"id":12382,"href":"https:\/\/ascension-immo.com\/en\/wp-json\/wp\/v2\/pages\/3292\/revisions\/12382"}],"wp:attachment":[{"href":"https:\/\/ascension-immo.com\/en\/wp-json\/wp\/v2\/media?parent=3292"}],"curies":[{"name":"wp","href":"https:\/\/api.w.org\/{rel}","templated":true}]}}